{"id":872,"date":"2025-10-27T17:57:49","date_gmt":"2025-10-27T16:57:49","guid":{"rendered":"https:\/\/baseig.com\/?post_type=product&#038;p=872"},"modified":"2025-11-19T14:43:49","modified_gmt":"2025-11-19T13:43:49","slug":"were-all-going-to-dai-2","status":"publish","type":"product","link":"https:\/\/baseig.com\/pl\/shop\/koszulki\/were-all-going-to-dai-2\/","title":{"rendered":"Preorder: We\u2019re all going to d\u2026AI"},"content":{"rendered":"<p>Kiedy \u015bwiat zmierza w stron\u0119 sztucznej inteligencji (i zag\u0142ady), lepiej wygl\u0105da\u0107 dobrze. Koszulka \u201eWe\u2019re all going to d\u2026AI\u201d to idealne po\u0142\u0105czenie czarnego humoru, autoironii i dystopijnego stylu. Dla tych, kt\u00f3rzy nie boj\u0105 si\u0119 \u015bmia\u0107 z tego, co nieuniknione \u2014 czy to koniec \u015bwiata, czy po prostu poniedzia\u0142ek.<\/p>\n<p><img loading=\"lazy\" decoding=\"async\" class=\"alignnone wp-image-882\" src=\"https:\/\/baseig.com\/wp-content\/uploads\/2025\/10\/image.svg\" alt=\"\" width=\"24\" height=\"24\" \/> Dlaczego warto: Lekka, wygodna, przewiewna \u2013 idealna na upalne dni (lub gor\u0105c\u0105 apokalips\u0119). Nadruk, kt\u00f3ry rozumie tylko inteligencja (sztuczna lub nie). Unisex \u2013 bo los dotyczy nas wszystkich jednakowo. Dla fan\u00f3w sarkazmu, mem\u00f3w i czarnego humoru z klas\u0105.<\/p>\n<p><a href=\"https:\/\/baseig.com\/wp-content\/uploads\/2025\/10\/image-1.svg\"><img loading=\"lazy\" decoding=\"async\" class=\"wp-image-880 alignnone\" src=\"https:\/\/baseig.com\/wp-content\/uploads\/2025\/10\/image-1.svg\" alt=\"\" width=\"24\" height=\"24\" \/><\/a> Uwaga: Mo\u017ce powodowa\u0107 \u015bmiech, zadum\u0119 lub potrzeb\u0119 wy\u0142\u0105czenia Wi-Fi.<\/p>","protected":false},"excerpt":{"rendered":"<p>Kiedy \u015bwiat zmierza w stron\u0119 sztucznej inteligencji (i zag\u0142ady), lepiej wygl\u0105da\u0107 dobrze. Koszulka \u201eWe\u2019re all going to d\u2026AI\u201d to idealne po\u0142\u0105czenie czarnego humoru, autoironii i dystopijnego stylu. Dla tych, kt\u00f3rzy nie boj\u0105 si\u0119 \u015bmia\u0107 z tego, co nieuniknione \u2014 czy to koniec \u015bwiata, czy po prostu poniedzia\u0142ek. Dlaczego warto: Lekka, wygodna, przewiewna \u2013 idealna na [&hellip;]<\/p>","protected":false},"featured_media":857,"comment_status":"open","ping_status":"closed","template":"","meta":{"_acf_changed":false,"inline_featured_image":false},"product_brand":[],"product_cat":[50],"product_tag":[],"class_list":{"0":"post-872","1":"product","2":"type-product","3":"status-publish","4":"has-post-thumbnail","6":"product_cat-koszulki","8":"first","9":"instock","10":"shipping-taxable","11":"purchasable","12":"product-type-variable"},"acf":[],"yoast_head":"<!-- This site is optimized with the Yoast SEO plugin v26.9 - https:\/\/yoast.com\/product\/yoast-seo-wordpress\/ -->\n<title>Preorder: We\u2019re all going to d\u2026AI - AI-commerce: Turning Clicks into Cash, Baby!<\/title>\n<meta name=\"robots\" content=\"index, follow, max-snippet:-1, max-image-preview:large, max-video-preview:-1\" \/>\n<link rel=\"canonical\" href=\"https:\/\/baseig.com\/pl\/shop\/koszulki\/were-all-going-to-dai-2\/\" \/>\n<meta property=\"og:locale\" content=\"pl_PL\" \/>\n<meta property=\"og:type\" content=\"article\" \/>\n<meta property=\"og:title\" content=\"Preorder: We\u2019re all going to d\u2026AI - AI-commerce: Turning Clicks into Cash, Baby!\" \/>\n<meta property=\"og:description\" content=\"Kiedy \u015bwiat zmierza w stron\u0119 sztucznej inteligencji (i zag\u0142ady), lepiej wygl\u0105da\u0107 dobrze. Koszulka \u201eWe\u2019re all going to d\u2026AI\u201d to idealne po\u0142\u0105czenie czarnego humoru, autoironii i dystopijnego stylu. Dla tych, kt\u00f3rzy nie boj\u0105 si\u0119 \u015bmia\u0107 z tego, co nieuniknione \u2014 czy to koniec \u015bwiata, czy po prostu poniedzia\u0142ek. Dlaczego warto: Lekka, wygodna, przewiewna \u2013 idealna na [&hellip;]\" \/>\n<meta property=\"og:url\" content=\"https:\/\/baseig.com\/pl\/shop\/koszulki\/were-all-going-to-dai-2\/\" \/>\n<meta property=\"og:site_name\" content=\"AI-commerce: Turning Clicks into Cash, Baby!\" \/>\n<meta property=\"article:modified_time\" content=\"2025-11-19T13:43:49+00:00\" \/>\n<meta property=\"og:image\" content=\"https:\/\/baseig.com\/wp-content\/uploads\/2025\/10\/Mockup-Front-Transparent-1.webp\" \/>\n\t<meta property=\"og:image:width\" content=\"896\" \/>\n\t<meta property=\"og:image:height\" content=\"1344\" \/>\n\t<meta property=\"og:image:type\" content=\"image\/webp\" \/>\n<meta name=\"twitter:card\" content=\"summary_large_image\" \/>\n<meta name=\"twitter:label1\" content=\"Szacowany czas czytania\" \/>\n\t<meta name=\"twitter:data1\" content=\"1 minuta\" \/>\n<script type=\"application\/ld+json\" class=\"yoast-schema-graph\">{\"@context\":\"https:\/\/schema.org\",\"@graph\":[{\"@type\":\"WebPage\",\"@id\":\"https:\/\/baseig.com\/pl\/shop\/koszulki\/were-all-going-to-dai-2\/\",\"url\":\"https:\/\/baseig.com\/pl\/shop\/koszulki\/were-all-going-to-dai-2\/\",\"name\":\"Preorder: We\u2019re all going to d\u2026AI - AI-commerce: Turning Clicks into Cash, Baby!\",\"isPartOf\":{\"@id\":\"https:\/\/baseig.com\/#website\"},\"primaryImageOfPage\":{\"@id\":\"https:\/\/baseig.com\/pl\/shop\/koszulki\/were-all-going-to-dai-2\/#primaryimage\"},\"image\":{\"@id\":\"https:\/\/baseig.com\/pl\/shop\/koszulki\/were-all-going-to-dai-2\/#primaryimage\"},\"thumbnailUrl\":\"https:\/\/baseig.com\/wp-content\/uploads\/2025\/10\/Mockup-Front-Transparent-1.webp\",\"datePublished\":\"2025-10-27T16:57:49+00:00\",\"dateModified\":\"2025-11-19T13:43:49+00:00\",\"breadcrumb\":{\"@id\":\"https:\/\/baseig.com\/pl\/shop\/koszulki\/were-all-going-to-dai-2\/#breadcrumb\"},\"inLanguage\":\"pl-PL\",\"potentialAction\":[{\"@type\":\"ReadAction\",\"target\":[\"https:\/\/baseig.com\/pl\/shop\/koszulki\/were-all-going-to-dai-2\/\"]}]},{\"@type\":\"ImageObject\",\"inLanguage\":\"pl-PL\",\"@id\":\"https:\/\/baseig.com\/pl\/shop\/koszulki\/were-all-going-to-dai-2\/#primaryimage\",\"url\":\"https:\/\/baseig.com\/wp-content\/uploads\/2025\/10\/Mockup-Front-Transparent-1.webp\",\"contentUrl\":\"https:\/\/baseig.com\/wp-content\/uploads\/2025\/10\/Mockup-Front-Transparent-1.webp\",\"width\":896,\"height\":1344},{\"@type\":\"BreadcrumbList\",\"@id\":\"https:\/\/baseig.com\/pl\/shop\/koszulki\/were-all-going-to-dai-2\/#breadcrumb\",\"itemListElement\":[{\"@type\":\"ListItem\",\"position\":1,\"name\":\"Shop\",\"item\":\"https:\/\/baseig.com\/shop\/\"},{\"@type\":\"ListItem\",\"position\":2,\"name\":\"Preorder: We\u2019re all going to d\u2026AI\"}]},{\"@type\":\"WebSite\",\"@id\":\"https:\/\/baseig.com\/#website\",\"url\":\"https:\/\/baseig.com\/\",\"name\":\"AI-commerce: Turning Clicks into Cash, Baby!\",\"description\":\"\",\"publisher\":{\"@id\":\"https:\/\/baseig.com\/#organization\"},\"potentialAction\":[{\"@type\":\"SearchAction\",\"target\":{\"@type\":\"EntryPoint\",\"urlTemplate\":\"https:\/\/baseig.com\/?s={search_term_string}\"},\"query-input\":{\"@type\":\"PropertyValueSpecification\",\"valueRequired\":true,\"valueName\":\"search_term_string\"}}],\"inLanguage\":\"pl-PL\"},{\"@type\":\"Organization\",\"@id\":\"https:\/\/baseig.com\/#organization\",\"name\":\"AI-commerce: Turning Clicks into Cash, Baby!\",\"url\":\"https:\/\/baseig.com\/\",\"logo\":{\"@type\":\"ImageObject\",\"inLanguage\":\"pl-PL\",\"@id\":\"https:\/\/baseig.com\/#\/schema\/logo\/image\/\",\"url\":\"https:\/\/baseig.com\/wp-content\/uploads\/2025\/02\/cropped-fav_baseig_shadow.webp\",\"contentUrl\":\"https:\/\/baseig.com\/wp-content\/uploads\/2025\/02\/cropped-fav_baseig_shadow.webp\",\"width\":512,\"height\":512,\"caption\":\"AI-commerce: Turning Clicks into Cash, Baby!\"},\"image\":{\"@id\":\"https:\/\/baseig.com\/#\/schema\/logo\/image\/\"}}]}<\/script>\n<!-- \/ Yoast SEO plugin. -->","yoast_head_json":{"title":"Preorder: We\u2019re all going to d\u2026AI - AI-commerce: Turning Clicks into Cash, Baby!","robots":{"index":"index","follow":"follow","max-snippet":"max-snippet:-1","max-image-preview":"max-image-preview:large","max-video-preview":"max-video-preview:-1"},"canonical":"https:\/\/baseig.com\/pl\/shop\/koszulki\/were-all-going-to-dai-2\/","og_locale":"pl_PL","og_type":"article","og_title":"Preorder: We\u2019re all going to d\u2026AI - AI-commerce: Turning Clicks into Cash, Baby!","og_description":"Kiedy \u015bwiat zmierza w stron\u0119 sztucznej inteligencji (i zag\u0142ady), lepiej wygl\u0105da\u0107 dobrze. Koszulka \u201eWe\u2019re all going to d\u2026AI\u201d to idealne po\u0142\u0105czenie czarnego humoru, autoironii i dystopijnego stylu. Dla tych, kt\u00f3rzy nie boj\u0105 si\u0119 \u015bmia\u0107 z tego, co nieuniknione \u2014 czy to koniec \u015bwiata, czy po prostu poniedzia\u0142ek. Dlaczego warto: Lekka, wygodna, przewiewna \u2013 idealna na [&hellip;]","og_url":"https:\/\/baseig.com\/pl\/shop\/koszulki\/were-all-going-to-dai-2\/","og_site_name":"AI-commerce: Turning Clicks into Cash, Baby!","article_modified_time":"2025-11-19T13:43:49+00:00","og_image":[{"width":896,"height":1344,"url":"https:\/\/baseig.com\/wp-content\/uploads\/2025\/10\/Mockup-Front-Transparent-1.webp","type":"image\/webp"}],"twitter_card":"summary_large_image","twitter_misc":{"Szacowany czas czytania":"1 minuta"},"schema":{"@context":"https:\/\/schema.org","@graph":[{"@type":"WebPage","@id":"https:\/\/baseig.com\/pl\/shop\/koszulki\/were-all-going-to-dai-2\/","url":"https:\/\/baseig.com\/pl\/shop\/koszulki\/were-all-going-to-dai-2\/","name":"Preorder: We\u2019re all going to d\u2026AI - AI-commerce: Turning Clicks into Cash, Baby!","isPartOf":{"@id":"https:\/\/baseig.com\/#website"},"primaryImageOfPage":{"@id":"https:\/\/baseig.com\/pl\/shop\/koszulki\/were-all-going-to-dai-2\/#primaryimage"},"image":{"@id":"https:\/\/baseig.com\/pl\/shop\/koszulki\/were-all-going-to-dai-2\/#primaryimage"},"thumbnailUrl":"https:\/\/baseig.com\/wp-content\/uploads\/2025\/10\/Mockup-Front-Transparent-1.webp","datePublished":"2025-10-27T16:57:49+00:00","dateModified":"2025-11-19T13:43:49+00:00","breadcrumb":{"@id":"https:\/\/baseig.com\/pl\/shop\/koszulki\/were-all-going-to-dai-2\/#breadcrumb"},"inLanguage":"pl-PL","potentialAction":[{"@type":"ReadAction","target":["https:\/\/baseig.com\/pl\/shop\/koszulki\/were-all-going-to-dai-2\/"]}]},{"@type":"ImageObject","inLanguage":"pl-PL","@id":"https:\/\/baseig.com\/pl\/shop\/koszulki\/were-all-going-to-dai-2\/#primaryimage","url":"https:\/\/baseig.com\/wp-content\/uploads\/2025\/10\/Mockup-Front-Transparent-1.webp","contentUrl":"https:\/\/baseig.com\/wp-content\/uploads\/2025\/10\/Mockup-Front-Transparent-1.webp","width":896,"height":1344},{"@type":"BreadcrumbList","@id":"https:\/\/baseig.com\/pl\/shop\/koszulki\/were-all-going-to-dai-2\/#breadcrumb","itemListElement":[{"@type":"ListItem","position":1,"name":"Shop","item":"https:\/\/baseig.com\/shop\/"},{"@type":"ListItem","position":2,"name":"Preorder: We\u2019re all going to d\u2026AI"}]},{"@type":"WebSite","@id":"https:\/\/baseig.com\/#website","url":"https:\/\/baseig.com\/","name":"AI-commerce: Turning Clicks into Cash, Baby!","description":"","publisher":{"@id":"https:\/\/baseig.com\/#organization"},"potentialAction":[{"@type":"SearchAction","target":{"@type":"EntryPoint","urlTemplate":"https:\/\/baseig.com\/?s={search_term_string}"},"query-input":{"@type":"PropertyValueSpecification","valueRequired":true,"valueName":"search_term_string"}}],"inLanguage":"pl-PL"},{"@type":"Organization","@id":"https:\/\/baseig.com\/#organization","name":"AI-commerce: Turning Clicks into Cash, Baby!","url":"https:\/\/baseig.com\/","logo":{"@type":"ImageObject","inLanguage":"pl-PL","@id":"https:\/\/baseig.com\/#\/schema\/logo\/image\/","url":"https:\/\/baseig.com\/wp-content\/uploads\/2025\/02\/cropped-fav_baseig_shadow.webp","contentUrl":"https:\/\/baseig.com\/wp-content\/uploads\/2025\/02\/cropped-fav_baseig_shadow.webp","width":512,"height":512,"caption":"AI-commerce: Turning Clicks into Cash, Baby!"},"image":{"@id":"https:\/\/baseig.com\/#\/schema\/logo\/image\/"}}]}},"_links":{"self":[{"href":"https:\/\/baseig.com\/pl\/wp-json\/wp\/v2\/product\/872","targetHints":{"allow":["GET"]}}],"collection":[{"href":"https:\/\/baseig.com\/pl\/wp-json\/wp\/v2\/product"}],"about":[{"href":"https:\/\/baseig.com\/pl\/wp-json\/wp\/v2\/types\/product"}],"replies":[{"embeddable":true,"href":"https:\/\/baseig.com\/pl\/wp-json\/wp\/v2\/comments?post=872"}],"wp:featuredmedia":[{"embeddable":true,"href":"https:\/\/baseig.com\/pl\/wp-json\/wp\/v2\/media\/857"}],"wp:attachment":[{"href":"https:\/\/baseig.com\/pl\/wp-json\/wp\/v2\/media?parent=872"}],"wp:term":[{"taxonomy":"product_brand","embeddable":true,"href":"https:\/\/baseig.com\/pl\/wp-json\/wp\/v2\/product_brand?post=872"},{"taxonomy":"product_cat","embeddable":true,"href":"https:\/\/baseig.com\/pl\/wp-json\/wp\/v2\/product_cat?post=872"},{"taxonomy":"product_tag","embeddable":true,"href":"https:\/\/baseig.com\/pl\/wp-json\/wp\/v2\/product_tag?post=872"}],"curies":[{"name":"wp","href":"https:\/\/api.w.org\/{rel}","templated":true}]}}